{"id":1414,"date":"2021-10-08T11:21:07","date_gmt":"2021-10-08T09:21:07","guid":{"rendered":"https:\/\/metho.fr\/?page_id=1414"},"modified":"2021-10-08T11:21:07","modified_gmt":"2021-10-08T09:21:07","slug":"exercez-vos-droits","status":"publish","type":"page","link":"https:\/\/metho.fr\/index.php\/exercez-vos-droits\/","title":{"rendered":"Exercez vos droits"},"content":{"rendered":"<div class=\"fusion-fullwidth fullwidth-box fusion-builder-row-1 fusion-flex-container nonhundred-percent-fullwidth non-hundred-percent-height-scrolling\" style=\"background-color: #ffffff;background-position: center center;background-repeat: no-repeat;border-width: 0px 0px 0px 0px;border-color:#eae9e9;border-style:solid;\" ><div class=\"fusion-builder-row fusion-row fusion-flex-align-items-flex-start\" style=\"max-width:1216.8px;margin-left: calc(-4% \/ 2 );margin-right: calc(-4% \/ 2 );\"><div class=\"fusion-layout-column fusion_builder_column fusion-builder-column-0 fusion_builder_column_1_1 1_1 fusion-flex-column\"><div class=\"fusion-column-wrapper fusion-flex-justify-content-flex-start fusion-content-layout-column\" style=\"background-position:left top;background-repeat:no-repeat;-webkit-background-size:cover;-moz-background-size:cover;-o-background-size:cover;background-size:cover;padding: 0px 0px 0px 0px;\"><style>.fusion-form-form-wrapper .fusion-form-1416 .fusion-form-tooltip .fusion-form-tooltip-content{color:rgba(0,0,0,0.74) !important;background-color:#333333 !important;border-color:#333333 !important;}.fusion-form-form-wrapper .fusion-form-1416 input[type=\"date\"],.fusion-form-form-wrapper .fusion-form-1416 input[type=\"datetime-local\"],.fusion-form-form-wrapper .fusion-form-1416 input[type=\"email\"],.fusion-form-form-wrapper .fusion-form-1416 input[type=\"month\"],.fusion-form-form-wrapper .fusion-form-1416 input[type=\"number\"],.fusion-form-form-wrapper .fusion-form-1416 input[type=\"password\"],.fusion-form-form-wrapper .fusion-form-1416 input[type=\"search\"],.fusion-form-form-wrapper .fusion-form-1416 input[type=\"tel\"],.fusion-form-form-wrapper .fusion-form-1416 input[type=\"phone-number\"],.fusion-form-form-wrapper .fusion-form-1416 input[type=\"text\"],.fusion-form-form-wrapper .fusion-form-1416 input[type=\"time\"],.fusion-form-form-wrapper .fusion-form-1416 input[type=\"url\"],.fusion-form-form-wrapper .fusion-form-1416 input[type=\"week\"],.fusion-form-form-wrapper .fusion-form-1416 input[type=\"datetime\"],.fusion-form-form-wrapper .fusion-form-1416 select,.fusion-form-form-wrapper .fusion-form-1416 textarea,.fusion-form-form-wrapper .fusion-form-1416 input[type=\"upload\"],.fusion-form-form-wrapper .fusion-form-1416 .fusion-form-field .fusion-form-image-select label{border-top-width:1px;border-bottom-width:1px;border-right-width:1px;border-left-width:1px;border-color:rgba(0,0,0,0.74);}.fusion-form-form-wrapper .fusion-form-1416 .fusion-select-wrapper .select-arrow{right:calc( 1em + 1px) !important;}.fusion-form-form-wrapper .fusion-form-1416 .fusion-form-field .fusion-form-input-with-icon > i{left:calc( 1em + 1px) !important;}.fusion-form-form-wrapper .fusion-form-1416 .fusion-form-field:not( .fusion-form-upload-field ) .fusion-form-input-with-icon > i{top:calc( 50% + (1px - 1px ) \/ 2 ) !important;}.fusion-form-form-wrapper .fusion-form-1416 .fusion-form-field.fusion-form-textarea-field .fusion-form-input-with-icon > i{top:calc( 1px + 1em ) !important;}.fusion-form-form-wrapper .fusion-form-1416 .fusion-form-field input[type=range]::-webkit-slider-runnable-track{background:rgba(0,0,0,0.74);}.fusion-form-form-wrapper .fusion-form-1416 .fusion-form-field input[type=range]::-moz-range-track{background:rgba(0,0,0,0.74);}.fusion-form-form-wrapper .fusion-form-1416 .fusion-form-field .fusion-form-checkbox label:before,.fusion-form-form-wrapper .fusion-form-1416 .fusion-form-field .fusion-form-radio label:before,.fusion-form-form-wrapper .fusion-form-1416 input:not([type=\"submit\"]):focus,.fusion-form-form-wrapper .fusion-form-1416 select:focus,.fusion-form-form-wrapper .fusion-form-1416 textarea:focus,.fusion-form-form-wrapper .fusion-form-1416 .fusion-form-field.focused.fusion-form-upload-field .fusion-form-upload-field,.fusion-form-form-wrapper .fusion-form-1416 .fusion-form-field .fusion-form-radio input:checked + label:before,.fusion-form-form-wrapper .fusion-form-1416 .fusion-form-field .fusion-form-radio input:hover + label:before,.fusion-form-form-wrapper .fusion-form-1416 .fusion-form-field .fusion-form-checkbox input:checked + label:before,.fusion-form-form-wrapper .fusion-form-1416 .fusion-form-field .fusion-form-checkbox input:hover + label:before,.fusion-form-form-wrapper .fusion-form-1416 .fusion-form-field .fusion-form-image-select .fusion-form-input:checked + label,.fusion-form-form-wrapper .fusion-form-1416 .fusion-form-field .fusion-form-image-select .fusion-form-input:hover + label,.fusion-form-form-wrapper .fusion-form-1416 .fusion-form-field .fusion-form-checkbox input:focus + label:before,.fusion-form-form-wrapper .fusion-form-1416 .fusion-form-field .fusion-form-radio input:focus + label:before,.fusion-form-form-wrapper .fusion-form-1416 .fusion-form-field .fusion-form-image-select .fusion-form-input:focus + label{border-color:rgba(0,0,0,0.74);}.fusion-form-form-wrapper .fusion-form-1416 .fusion-form-field .fusion-form-radio input:hover:not(:checked) + label:before,.fusion-form-form-wrapper .fusion-form-1416 .fusion-form-field .fusion-form-checkbox input:hover:not(:checked) + label:before,.fusion-form-form-wrapper .fusion-form-1416 .fusion-form-field .fusion-form-image-select .fusion-form-input:hover:not(:checked) + label,.fusion-form-form-wrapper .fusion-form-1416 .fusion-form-field .fusion-form-upload-field-container:hover .fusion-form-upload-field,.fusion-form-form-wrapper .fusion-form-1416 .fusion-form-field .fusion-form-range-field-container .fusion-form-range-value:hover:not(:focus),.fusion-form-form-wrapper .fusion-form-1416 .fusion-form-field .fusion-form-input:hover:not(:focus){border-color:rgba(0,0,0,0.5);}.fusion-form-form-wrapper .fusion-form-1416 label, .fusion-form-form-wrapper .fusion-form-1416 .label,.fusion-form-form-wrapper .fusion-form-1416 .fusion-form-field .fusion-form-rating-area .fusion-form-rating-icon,.fusion-form-form-wrapper .fusion-form-1416 .fusion-form-field .fusion-form-rating-area .fusion-form-input:checked ~ label i{color:rgba(0,0,0,0.74);}.fusion-form-form-wrapper .fusion-form-1416 .fusion-form-field .fusion-form-rating-area .fusion-form-input:checked:hover ~ label i,.fusion-form-form-wrapper .fusion-form-1416 .fusion-form-field .fusion-form-rating-area .fusion-form-rating-icon:hover i,.fusion-form-form-wrapper .fusion-form-1416 .fusion-form-field .fusion-form-rating-area .fusion-form-rating-icon:hover ~ label i,.fusion-form-form-wrapper .fusion-form-1416 .fusion-form-field .fusion-form-rating-area .fusion-form-input:hover ~ label i{color:rgba(0,0,0,0.5);}.fusion-form-form-wrapper .fusion-form-1416 .fusion-form-field .fusion-form-checkbox input:checked + label:after{background:rgba(0,0,0,0.74);}.fusion-form-form-wrapper .fusion-form-1416 .fusion-form-field .fusion-form-radio input:checked + label:after{background:rgba(0,0,0,0.74);}.fusion-form-form-wrapper .fusion-form-1416 .fusion-form-field input[type=range]::-webkit-slider-thumb{background:rgba(0,0,0,0.74);}.fusion-form-form-wrapper .fusion-form-1416 .fusion-form-field input[type=range]::-moz-range-thumb{background:rgba(0,0,0,0.74);}<\/style><div class=\"fusion-form fusion-form-builder fusion-form-form-wrapper fusion-form-1416\" data-form-id=\"1416\" data-config=\"{&quot;form_id&quot;:&quot;1416&quot;,&quot;form_post_id&quot;:&quot;1416&quot;,&quot;post_id&quot;:1414,&quot;form_type&quot;:&quot;database_email&quot;,&quot;confirmation_type&quot;:&quot;message&quot;,&quot;redirect_url&quot;:&quot;&quot;,&quot;field_labels&quot;:{&quot;NAME&quot;:&quot;Nom&quot;,&quot;email_address&quot;:&quot;E-mail&quot;,&quot;message&quot;:&quot;Votre message&quot;,&quot;piece_id&quot;:&quot;Fournir une pi\\u00e8ce d&#039;identit\\u00e9&quot;},&quot;field_logics&quot;:{&quot;NAME&quot;:&quot;&quot;,&quot;email_address&quot;:&quot;&quot;,&quot;message&quot;:&quot;&quot;,&quot;piece_id&quot;:&quot;&quot;}}\"><form action=\"https:\/\/metho.fr\/index.php\/exercez-vos-droits\/\" method=\"post\" class=\"fusion-form fusion-form-1416\" enctype=\"multipart\/form-data\"><div class=\"fusion-fullwidth fullwidth-box fusion-builder-row-1-1 fusion-flex-container nonhundred-percent-fullwidth non-hundred-percent-height-scrolling\" style=\"background-color: #ffffff;background-position: center center;background-repeat: no-repeat;border-width: 0px 0px 0px 0px;border-color:#eae9e9;border-style:solid;\" ><div class=\"fusion-builder-row fusion-row fusion-flex-align-items-flex-start\" style=\"width:104% !important;max-width:104% !important;margin-left: calc(-4% \/ 2 );margin-right: calc(-4% \/ 2 );\"><div class=\"fusion-layout-column fusion_builder_column fusion-builder-column-1 fusion_builder_column_1_1 1_1 fusion-flex-column\"><div class=\"fusion-column-wrapper fusion-flex-justify-content-flex-start fusion-content-layout-column\" style=\"background-position:left top;background-repeat:no-repeat;-webkit-background-size:cover;-moz-background-size:cover;-o-background-size:cover;background-size:cover;padding: 0px 0px 0px 0px;\"><div class=\"fusion-text fusion-text-1\"><h2>Donn\u00e9es personnelles<\/h2>\n<p>Dans le cadre du R\u00e8glement G\u00e9n\u00e9ral sur la Protection des Donn\u00e9es du 27 avril 2016, chaque citoyen europ\u00e9en dispose d\u2019un droit d\u2019acc\u00e8s, de rectification, de suppression, \u00e0 la limitation ou d\u2019opposition au traitement et \u00e0 la portabilit\u00e9 (capacit\u00e9 \u00e0 extraire les donn\u00e9es sur demande), concernant les donn\u00e9es personnelles recueillies par une entreprise. Exemple : les donn\u00e9es que vous avez renseign\u00e9 lors d\u2019un envoi de formulaire.<\/p>\n<p>Pour exercer vos droits,\u00a0nous vous invitons \u00e0 renseigner le formulaire ci-dessous.<\/p>\n<p>La demande d\u2019obtention des donn\u00e9es personnelles recueillies par In Situ est soumise \u00e0 une validation d\u2019identit\u00e9.<\/p>\n<\/div><div class=\"fusion-form-field fusion-form-text-field fusion-form-label-above\" data-form-id=\"1416\"><div class=\"fusion-form-label-wrapper\"><label for=\"NAME\">Nom <abbr class=\"fusion-form-element-required\" title=\"required\">*<\/abbr><\/label><\/div><input type=\"text\" name=\"NAME\" id=\"NAME\" value=\"\"  class=\"fusion-form-input\" required=\"true\" aria-required=\"true\" data-holds-private-data=\"false\" minlength=\"0\"\/><\/div><div class=\"fusion-form-field fusion-form-email-field fusion-form-label-above\" data-form-id=\"1416\"><div class=\"fusion-form-label-wrapper\"><label for=\"email_address\">E-mail <abbr class=\"fusion-form-element-required\" title=\"required\">*<\/abbr><\/label><\/div><input type=\"email\" name=\"email_address\" id=\"email_address\" value=\"\"  class=\"fusion-form-input\" required=\"true\" aria-required=\"true\" data-holds-private-data=\"false\"\/><\/div><\/div><style type=\"text\/css\">.fusion-body .fusion-builder-column-1{width:100% !important;margin-top : 0px;margin-bottom : 0px;}.fusion-builder-column-1 > .fusion-column-wrapper {padding-top : 0px !important;padding-right : 0px !important;margin-right : 1.92%;padding-bottom : 0px !important;padding-left : 0px !important;margin-left : 1.92%;}@media only screen and (max-width:800px) {.fusion-body .fusion-builder-column-1{width:100% !important;order : 0;}.fusion-builder-column-1 > .fusion-column-wrapper {margin-right : 1.92%;margin-left : 1.92%;}}@media only screen and (max-width:640px) {.fusion-body .fusion-builder-column-1{width:100% !important;order : 0;}.fusion-builder-column-1 > .fusion-column-wrapper {margin-right : 1.92%;margin-left : 1.92%;}}<\/style><\/div><div class=\"fusion-layout-column fusion_builder_column fusion-builder-column-2 fusion_builder_column_1_1 1_1 fusion-flex-column\"><div class=\"fusion-column-wrapper fusion-flex-justify-content-flex-start fusion-content-layout-column\" style=\"background-position:left top;background-repeat:no-repeat;-webkit-background-size:cover;-moz-background-size:cover;-o-background-size:cover;background-size:cover;padding: 0px 0px 0px 0px;\"><div class=\"fusion-form-field fusion-form-textarea-field fusion-form-label-above\" data-form-id=\"1416\"><label for=\"message\">Votre message <abbr class=\"fusion-form-element-required\" title=\"required\">*<\/abbr><\/label><textarea cols=\"40\"  minlength=\"0\"  rows=\"4\" tabindex=\"\" id=\"message\" name=\"message\" class=\"fusion-form-input\" required=\"true\" aria-required=\"true\" data-holds-private-data=\"false\"><\/textarea><\/div><div class=\"fusion-form-field fusion-form-upload-field fusion-form-label-above\" data-form-id=\"1416\"><label for=\"piece_id\">Fournir une pi\u00e8ce d&#039;identit\u00e9<\/label><div class=\"fusion-form-input-with-icon\"><i class=\" fa-upload fas\"><\/i><div class=\"fusion-form-upload-field-container\"><input type=\"file\" id=\"piece_id\" name=\"piece_id\" value=\"\"  class=\"fusion-form-input\" placeholder=\"Click or drag a file to this area to upload.\" data-size=\"2\"\/><input type=\"text\" disabled value=\"\" class=\"fusion-form-upload-field\"  placeholder=\"Click or drag a file to this area to upload.\" data-holds-private-data=\"false\"\/><div ><style>.fusion-button.button-1{border-radius:0px 0px 0px 0px;}<\/style><a class=\"fusion-button button-flat button-medium button-default button-1 fusion-button-default-span fusion-button-default-type fusion-form-upload-field-button\" target=\"_self\" href=\"javascript:void();\"><span class=\"fusion-button-text\">Choose File<\/span><\/a><\/div><\/div><\/div><\/div><div class=\"form-submission-notices\" id=\"fusion-notices-1\"><div class=\"fusion-alert alert success alert-success fusion-alert-center fusion-form-response fusion-form-response-success fusion-alert-capitalize alert-dismissable\" style=\"background-color:#dff0d8;color:rgba(92,163,64,1);border-color:rgba(92,163,64,1);border-width:1px;\"><button type=\"button\" class=\"close toggle-alert\" data-dismiss=\"alert\" aria-label=\"Close\">&times;<\/button><div class=\"fusion-alert-content-wrapper\"><span class=\"alert-icon\"><i class=\"fa-lg fa fa-check-circle\" aria-hidden=\"true\"><\/i><\/span><span class=\"fusion-alert-content\">Merci pour votre message. Il a bien \u00e9t\u00e9 envoy\u00e9.<\/span><\/div><\/div><div class=\"fusion-alert alert error alert-danger fusion-alert-center fusion-form-response fusion-form-response-error fusion-alert-capitalize alert-dismissable\" style=\"background-color:#f2dede;color:rgba(166,66,66,1);border-color:rgba(166,66,66,1);border-width:1px;\"><button type=\"button\" class=\"close toggle-alert\" data-dismiss=\"alert\" aria-label=\"Close\">&times;<\/button><div class=\"fusion-alert-content-wrapper\"><span class=\"alert-icon\"><i class=\"fa-lg fa fa-exclamation-triangle\" aria-hidden=\"true\"><\/i><\/span><span class=\"fusion-alert-content\">Il y a une erreur dans l'envoi de votre message.\nR\u00e9essayez plus tard merci.<\/span><\/div><\/div><\/div><div class=\"fusion-form-field fusion-form-submit-field fusion-form-label-above\" data-form-id=\"1416\"><input type=\"hidden\" value=\"contact@metho.fr\" name=\"fusion_form_email\" \/><input type=\"hidden\" value=\"Site METHO\" name=\"fusion_form_email_from\" \/><input type=\"hidden\" value=\"wordpress@metho.fr\" name=\"fusion_form_email_from_id\" \/><input type=\"hidden\" value=\"From site - Demande informations\" name=\"fusion_form_email_subject\" \/><input type=\"hidden\" value=\"0\" name=\"fusion_form_email_subject_encode\" \/><div style=\"text-align:center;\"><style>.fusion-button.button-2 .fusion-button-text,.fusion-button.button-2 i{color:rgba(0,0,0,0.74);}.fusion-button.button-2{border-color:rgba(0,0,0,0.74);border-radius:0px 0px 0px 0px;background:rgba(255,255,255,0);}.fusion-button.button-2:hover .fusion-button-text,.fusion-button.button-2:hover i,.fusion-button.button-2:focus .fusion-button-text,.fusion-button.button-2:focus i,.fusion-button.button-2:active .fusion-button-text,.fusion-button.button-2:active i{color:#000000;}.fusion-button.button-2:hover,.fusion-button.button-2:active,.fusion-button.button-2:focus{border-color:#000000;background:rgba(255,255,255,.035);}<\/style><button type=\"submit\" class=\"fusion-button button-flat fusion-button-default-size button-custom button-2 fusion-button-default-span  form-form-submit button-default\" data-form-number=\"1416\" tabindex=\"\"><span class=\"fusion-button-text\">ENVOYER<\/span><\/button><\/div><\/div><div class=\"fusion-form-field fusion-form-recaptcha-field fusion-form-label-above\" data-form-id=\"1416\">\t\t\t\t\t\t\t\t\t<div class=\"form-creator-recaptcha\" >\n\t\t\t\t\t\t\t\t\t\t\t\t\t\t\t\t\t\t\t\t<div\n\t\t\t\t\t\t\t\tid=\"g-recaptcha-1\"\n\t\t\t\t\t\t\t\tclass=\"fusion-form-recaptcha-v3 recaptcha-container \"\n\t\t\t\t\t\t\t\tdata-sitekey=\"6LfuSuIbAAAAALFS_Xcd8JWUkpoN-YLDbZYlePZF\"\n\t\t\t\t\t\t\t\tdata-badge=\"inline\">\n\t\t\t\t\t\t\t<\/div>\n\t\t\t\t\t\t\t<input\n\t\t\t\t\t\t\t\ttype=\"hidden\"\n\t\t\t\t\t\t\t\tname=\"fusion-form-recaptcha-response\"\n\t\t\t\t\t\t\t\tclass=\"g-recaptcha-response\"\n\t\t\t\t\t\t\t\tid=\"fusion-form-recaptcha-response-1\"\n\t\t\t\t\t\t\t\tvalue=\"\">\n\t\t\t\t\t\t\t\t\t\t\t<\/div>\n\t\t\t\t\t\t\t\t<\/div><\/div><style type=\"text\/css\">.fusion-body .fusion-builder-column-2{width:100% !important;margin-top : 0px;margin-bottom : 0px;}.fusion-builder-column-2 > .fusion-column-wrapper {padding-top : 0px !important;padding-right : 0px !important;margin-right : 1.92%;padding-bottom : 0px !important;padding-left : 0px !important;margin-left : 1.92%;}@media only screen and (max-width:800px) {.fusion-body .fusion-builder-column-2{width:100% !important;order : 0;}.fusion-builder-column-2 > .fusion-column-wrapper {margin-right : 1.92%;margin-left : 1.92%;}}@media only screen and (max-width:640px) {.fusion-body .fusion-builder-column-2{width:100% !important;order : 0;}.fusion-builder-column-2 > .fusion-column-wrapper {margin-right : 1.92%;margin-left : 1.92%;}}<\/style><\/div><\/div><style type=\"text\/css\">.fusion-body .fusion-flex-container.fusion-builder-row-1-1{ padding-top : 0px;margin-top : 0px;padding-right : 0px;padding-bottom : 0px;margin-bottom : 0px;padding-left : 0px;}<\/style><\/div><input type=\"hidden\" name=\"fusion_privacy_store_ip_ua\" value=\"true\"><input type=\"hidden\" name=\"fusion_privacy_expiration_interval\" value=\"6\"><input type=\"hidden\" name=\"privacy_expiration_action\" value=\"anonymize\"><\/form><\/div><\/div><style type=\"text\/css\">.fusion-body .fusion-builder-column-0{width:100% !important;margin-top : 0px;margin-bottom : 20px;}.fusion-builder-column-0 > .fusion-column-wrapper {padding-top : 0px !important;padding-right : 0px !important;margin-right : 1.92%;padding-bottom : 0px !important;padding-left : 0px !important;margin-left : 1.92%;}@media only screen and (max-width:800px) {.fusion-body .fusion-builder-column-0{width:100% !important;order : 0;}.fusion-builder-column-0 > .fusion-column-wrapper {margin-right : 1.92%;margin-left : 1.92%;}}@media only screen and (max-width:640px) {.fusion-body .fusion-builder-column-0{width:100% !important;order : 0;}.fusion-builder-column-0 > .fusion-column-wrapper {margin-right : 1.92%;margin-left : 1.92%;}}<\/style><\/div><\/div><style type=\"text\/css\">.fusion-body .fusion-flex-container.fusion-builder-row-1{ padding-top : 0px;margin-top : 0px;padding-right : 0px;padding-bottom : 0px;margin-bottom : 0px;padding-left : 0px;}<\/style><\/div>\n","protected":false},"excerpt":{"rendered":"","protected":false},"author":2,"featured_media":0,"parent":0,"menu_order":0,"comment_status":"closed","ping_status":"closed","template":"","meta":[],"_links":{"self":[{"href":"https:\/\/metho.fr\/index.php\/wp-json\/wp\/v2\/pages\/1414"}],"collection":[{"href":"https:\/\/metho.fr\/index.php\/wp-json\/wp\/v2\/pages"}],"about":[{"href":"https:\/\/metho.fr\/index.php\/wp-json\/wp\/v2\/types\/page"}],"author":[{"embeddable":true,"href":"https:\/\/metho.fr\/index.php\/wp-json\/wp\/v2\/users\/2"}],"replies":[{"embeddable":true,"href":"https:\/\/metho.fr\/index.php\/wp-json\/wp\/v2\/comments?post=1414"}],"version-history":[{"count":4,"href":"https:\/\/metho.fr\/index.php\/wp-json\/wp\/v2\/pages\/1414\/revisions"}],"predecessor-version":[{"id":1581,"href":"https:\/\/metho.fr\/index.php\/wp-json\/wp\/v2\/pages\/1414\/revisions\/1581"}],"wp:attachment":[{"href":"https:\/\/metho.fr\/index.php\/wp-json\/wp\/v2\/media?parent=1414"}],"curies":[{"name":"wp","href":"https:\/\/api.w.org\/{rel}","templated":true}]}}