{"id":3,"date":"2021-09-07T10:44:25","date_gmt":"2021-09-07T08:44:25","guid":{"rendered":"http:\/\/metho.fr\/?page_id=3"},"modified":"2021-10-08T11:22:44","modified_gmt":"2021-10-08T09:22:44","slug":"politique-de-confidentialite","status":"publish","type":"page","link":"https:\/\/metho.fr\/index.php\/politique-de-confidentialite\/","title":{"rendered":"Politique de confidentialit\u00e9"},"content":{"rendered":"\r\n<h2>Qui sommes-nous\u00a0?<\/h2>\r\n\r\n\r\n\r\n<p>L\u2019adresse de notre site Web est : https:\/\/metho.fr.<\/p>\r\n\r\n\r\n\r\n<h2>Utilisation des donn\u00e9es personnelles collect\u00e9es<\/h2>\r\n\r\n\r\n\r\n\r\n\r\n<h3>M\u00e9dias<\/h3>\r\n\r\n\r\n\r\n<p>Si vous \u00eates un utilisateur ou une utilisatrice enregistr\u00e9\u00b7e et que vous t\u00e9l\u00e9versez des images sur le site web, nous vous conseillons d\u2019\u00e9viter de t\u00e9l\u00e9verser des images contenant des donn\u00e9es EXIF de coordonn\u00e9es GPS. Les visiteurs de votre site web peuvent t\u00e9l\u00e9charger et extraire des donn\u00e9es de localisation depuis ces images.<\/p>\r\n\r\n\r\n\r\n<h3>Formulaires de contact<\/h3>\r\n<p>Chaque formulaire\u00a0limite la collecte des donn\u00e9es personnelles au strict n\u00e9cessaire (minimisation des donn\u00e9es) et indique notamment :<\/p>\r\n<ul>\r\n<li>Quels sont les objectifs du recueil de ces donn\u00e9es (finalit\u00e9s) ;<\/li>\r\n<li>Si ces donn\u00e9es sont obligatoires ou facultatives pour la gestion de votre demande ;<\/li>\r\n<li>Vos droits Informatique et Libert\u00e9s\u00a0et la fa\u00e7on de les exercer.<\/li>\r\n<li>Les donn\u00e9es personnelles recueillies dans le cadre des services propos\u00e9s sur\u00a0<a href=\"https:\/\/metho.fr\" target=\"_blank\" rel=\"noopener\">https:\/\/<\/a><a href=\"https:\/\/metho.fr\">metho.fr<\/a> sont trait\u00e9es selon des protocoles s\u00e9curis\u00e9s et permettent \u00e0 Metho de g\u00e9rer les demandes re\u00e7ues dans ses applications informatiques.<\/li>\r\n<\/ul>\r\n<h3>Destinataires des donn\u00e9es<\/h3>\r\n<p>Les donn\u00e9es \u00e0 caract\u00e8re personnel collect\u00e9es sont destin\u00e9es aux services communication, marketing de Metho.<\/p>\r\n<p>En dehors de ces hypoth\u00e8ses, la divulgation des donn\u00e9es \u00e0 caract\u00e8re personnel \u00e0 des tiers ne pourra intervenir que dans les cas suivants :<\/p>\r\n<ul>\r\n<li>Sur autorisation de leur part ;<\/li>\r\n<li>Sur demande des autorit\u00e9s l\u00e9galement comp\u00e9tentes, sur r\u00e9quisition judiciaire, ou dans le cadre d\u2019un contentieux judiciaire.<\/li>\r\n<\/ul>\r\n\r\n\r\n\r\n<h3>Cookies<\/h3>\r\n\r\n\r\n\r\n<p>Si vous d\u00e9posez un commentaire sur notre site, il vous sera propos\u00e9 d\u2019enregistrer votre nom, adresse de messagerie et site web dans des cookies. C\u2019est uniquement pour votre confort afin de ne pas avoir \u00e0 saisir ces informations si vous d\u00e9posez un autre commentaire plus tard. Ces cookies expirent au bout d\u2019un an.<\/p>\r\n\r\n\r\n\r\n<p>Si vous vous rendez sur la page de connexion, un cookie temporaire sera cr\u00e9\u00e9 afin de d\u00e9terminer si votre navigateur accepte les cookies. Il ne contient pas de donn\u00e9es personnelles et sera supprim\u00e9 automatiquement \u00e0 la fermeture de votre navigateur.<\/p>\r\n\r\n\r\n\r\n<p>Lorsque vous vous connecterez, nous mettrons en place un certain nombre de cookies pour enregistrer vos informations de connexion et vos pr\u00e9f\u00e9rences d\u2019\u00e9cran. La dur\u00e9e de vie d\u2019un cookie de connexion est de deux jours, celle d\u2019un cookie d\u2019option d\u2019\u00e9cran est d\u2019un an. Si vous cochez \u00ab\u00a0Se souvenir de moi\u00a0\u00bb, votre cookie de connexion sera conserv\u00e9 pendant deux semaines. Si vous vous d\u00e9connectez de votre compte, le cookie de connexion sera effac\u00e9.<\/p>\r\n\r\n\r\n\r\n<p>En modifiant ou en publiant une publication, un cookie suppl\u00e9mentaire sera enregistr\u00e9 dans votre navigateur. Ce cookie ne comprend aucune donn\u00e9e personnelle. Il indique simplement l\u2019ID de la publication que vous venez de modifier. Il expire au bout d\u2019un jour.<\/p>\r\n\r\n\r\n\r\n<h3>Contenu embarqu\u00e9 depuis d\u2019autres sites<\/h3>\r\n\r\n\r\n\r\n<p>Les articles de ce site peuvent inclure des contenus int\u00e9gr\u00e9s (par exemple des vid\u00e9os, images, articles\u2026). Le contenu int\u00e9gr\u00e9 depuis d\u2019autres sites se comporte de la m\u00eame mani\u00e8re que si le visiteur se rendait sur cet autre site.<\/p>\r\n\r\n\r\n\r\n<p>Ces sites web pourraient collecter des donn\u00e9es sur vous, utiliser des cookies, embarquer des outils de suivis tiers, suivre vos interactions avec ces contenus embarqu\u00e9s si vous disposez d\u2019un compte connect\u00e9 sur leur site web.<\/p>\r\n\r\n\r\n\r\n<h3>Statistiques et mesures d\u2019audience<\/h3>\r\n\r\n\r\n\r\n<h2>Utilisation et transmission de vos donn\u00e9es personnelles<\/h2>\r\n\r\n\r\n\r\n<h3>Dur\u00e9e de conservation des donn\u00e9es<\/h3>\r\n<p>Les donn\u00e9es \u00e0 caract\u00e8re personnel collect\u00e9es par Metho, relatives \u00e0 l\u2019identit\u00e9 et aux coordonn\u00e9es de ses utilisateurs sont archiv\u00e9es pendant une dur\u00e9e illimit\u00e9e.<strong>\u00a0<\/strong><\/p>\r\n\r\n\r\n\r\n\r\n\r\n<h2>Les droits que vous avez sur vos donn\u00e9es<\/h2>\r\n\r\n\r\n\r\n<p>Le responsable de traitement est la soci\u00e9t\u00e9 Metho. Les informations collect\u00e9es font l\u2019objet d\u2019un traitement informatique et sont destin\u00e9es \u00e0 la Soci\u00e9t\u00e9 Metho.<\/p>\r\n<p>Elles sont utilis\u00e9es\u00a0:<\/p>\r\n<ul>\r\n<li>Pour g\u00e9rer et traiter vos demandes d\u2019informations<\/li>\r\n<li>Si vous l\u2019avez accept\u00e9, pour vous adresser des informations sur notre actualit\u00e9 et nos formations par emailing ou par courrier.<\/li>\r\n<li>Pour vous envoyer notre newsletter si vous y \u00eates inscrit.<\/li>\r\n<\/ul>\r\n<p>Les champs suivis d\u2019un ast\u00e9risque doivent obligatoirement \u00eatre renseign\u00e9s, \u00e0 d\u00e9faut de quoi nous ne pourrions pas donner suite \u00e0 votre demande.<\/p>\r\n<p>Conform\u00e9ment \u00e0 la loi fran\u00e7aise du 6 janvier 1978 relative \u00e0 l\u2019informatique, aux fichiers et aux libert\u00e9s, modifi\u00e9e par la loi relative \u00e0 la protection des personnes physiques \u00e0 l\u2019\u00e9gard des traitements de donn\u00e9es \u00e0 caract\u00e8re personnel du 6 ao\u00fbt 2004 et au RGPD (r\u00e8glement G\u00e9n\u00e9ral sur la Protection des Donn\u00e9es \u2013R\u00e8glement n\u00b0 2016\/679 du Parlement europ\u00e9en et du Conseil du 27 avril 2016 relatif \u00e0 la protection des personnes physiques \u00e0 l\u2019\u00e9gard du traitement des donn\u00e9es \u00e0 caract\u00e8re personnel et \u00e0 la libre circulation de ces donn\u00e9es), vous disposez d\u2019un droit d\u2019acc\u00e8s, de rectification, de suppression, \u00e0 la limitation ou d\u2019opposition au traitement et \u00e0 la portabilit\u00e9 des donn\u00e9es personnelles qui vous concerne.<\/p>\r\n<p>Vous pouvez exercer vos droits d\u00e9crits ci-dessus en vous adressant \u00e0 au service communication de la soci\u00e9t\u00e9 Metho via ce <a href=\"https:\/\/metho.fr\/index.php\/exercez-vos-droits\/\" target=\"_blank\" rel=\"noopener\">formulaire<\/a> ou par courrier Metho, 38 rue Jules Verne, 44 700 ORVAULT<\/p>\r\n\r\n\r\n\r\n<h2>Transmission de vos donn\u00e9es personnelles<\/h2>\r\n\r\n\r\n\r\n<p>Les commentaires des visiteurs peuvent \u00eatre v\u00e9rifi\u00e9s \u00e0 l\u2019aide d\u2019un service automatis\u00e9 de d\u00e9tection des commentaires ind\u00e9sirables.<\/p>\r\n\r\n\r\n\r\n<h2>Informations de contact<\/h2>\r\n<p>Toute question concernant la Politique de confidentialit\u00e9 de In Situ peut \u00eatre adress\u00e9e par <a href=\"mailto:contact@metho.fr\">e-mail<\/a> ou par courrier \u00e0 :<\/p>\r\n<p>Metho, 38 rue Jules Verne, 44 700 ORVAULT<\/p>\r\n\r\n\r\n\r\n<h3>\u00a0<\/h3>\r\n","protected":false},"excerpt":{"rendered":"<p>Qui sommes-nous\u00a0? L\u2019adresse de notre site Web est : https:\/\/metho.fr. Utilisation des donn\u00e9es personnelles collect\u00e9es M\u00e9dias Si vous \u00eates un utilisateur ou une utilisatrice enregistr\u00e9\u00b7e et que vous t\u00e9l\u00e9versez des images sur le site web, nous vous conseillons d\u2019\u00e9viter de t\u00e9l\u00e9verser des images contenant des donn\u00e9es EXIF de coordonn\u00e9es GPS. Les visiteurs de votre site [&hellip;]<\/p>\n","protected":false},"author":1,"featured_media":0,"parent":0,"menu_order":0,"comment_status":"closed","ping_status":"open","template":"","meta":[],"_links":{"self":[{"href":"https:\/\/metho.fr\/index.php\/wp-json\/wp\/v2\/pages\/3"}],"collection":[{"href":"https:\/\/metho.fr\/index.php\/wp-json\/wp\/v2\/pages"}],"about":[{"href":"https:\/\/metho.fr\/index.php\/wp-json\/wp\/v2\/types\/page"}],"author":[{"embeddable":true,"href":"https:\/\/metho.fr\/index.php\/wp-json\/wp\/v2\/users\/1"}],"replies":[{"embeddable":true,"href":"https:\/\/metho.fr\/index.php\/wp-json\/wp\/v2\/comments?post=3"}],"version-history":[{"count":4,"href":"https:\/\/metho.fr\/index.php\/wp-json\/wp\/v2\/pages\/3\/revisions"}],"predecessor-version":[{"id":1422,"href":"https:\/\/metho.fr\/index.php\/wp-json\/wp\/v2\/pages\/3\/revisions\/1422"}],"wp:attachment":[{"href":"https:\/\/metho.fr\/index.php\/wp-json\/wp\/v2\/media?parent=3"}],"curies":[{"name":"wp","href":"https:\/\/api.w.org\/{rel}","templated":true}]}}